{"id":28,"date":"2023-09-27T22:01:59","date_gmt":"2023-09-27T22:01:59","guid":{"rendered":"https:\/\/matthewndt.com.mx\/?page_id=28"},"modified":"2023-10-20T19:54:55","modified_gmt":"2023-10-20T19:54:55","slug":"inspeccion-visual","status":"publish","type":"page","link":"https:\/\/matthewndt.com.mx\/index.php\/productos\/inspeccion-visual\/","title":{"rendered":"Inspecci\u00f3n Visual"},"content":{"rendered":"\t\t<div data-elementor-type=\"wp-page\" data-elementor-id=\"28\" class=\"elementor elementor-28\" data-elementor-post-type=\"page\">\n\t\t\t\t<div class=\"elementor-element elementor-element-10decf1 e-flex e-con-boxed e-con e-parent\" data-id=\"10decf1\" data-element_type=\"container\" data-settings=\"{&quot;background_background&quot;:&quot;classic&quot;}\">\n\t\t\t\t\t<div class=\"e-con-inner\">\n\t\t\t\t<div class=\"elementor-element elementor-element-6414f6d elementor-widget elementor-widget-heading\" data-id=\"6414f6d\" data-element_type=\"widget\" data-widget_type=\"heading.default\">\n\t\t\t\t<div class=\"elementor-widget-container\">\n\t\t\t\t\t<h2 class=\"elementor-heading-title elementor-size-default\">Inspecci\u00f3n Visual<\/h2>\t\t\t\t<\/div>\n\t\t\t\t<\/div>\n\t\t\t\t<div class=\"elementor-element elementor-element-7aad415 elementor-widget__width-initial elementor-hidden-mobile elementor-widget elementor-widget-text-editor\" data-id=\"7aad415\" data-element_type=\"widget\" data-widget_type=\"text-editor.default\">\n\t\t\t\t<div class=\"elementor-widget-container\">\n\t\t\t\t\t\t\t\t\t<p>La inspecci\u00f3n visual es el m\u00e9todo de ensayo no destructivo mas vers\u00e1til que se utiliza con mas frecuencia en las inspecciones de superficies expuestas o accesibles de cuerpos ensambles o productos terminados para determinar el estado de integridad general de una parte o componente.<\/p>\t\t\t\t\t\t\t\t<\/div>\n\t\t\t\t<\/div>\n\t\t\t\t\t<\/div>\n\t\t\t\t<\/div>\n\t\t<div class=\"elementor-element elementor-element-3b35a55 e-flex e-con-boxed e-con e-parent\" data-id=\"3b35a55\" data-element_type=\"container\">\n\t\t\t\t\t<div class=\"e-con-inner\">\n\t\t<div class=\"elementor-element elementor-element-c2d41d2 e-flex e-con-boxed e-con e-child\" data-id=\"c2d41d2\" data-element_type=\"container\">\n\t\t\t\t\t<div class=\"e-con-inner\">\n\t\t<div class=\"elementor-element elementor-element-7cc19f9 e-con-full e-flex e-con e-child\" data-id=\"7cc19f9\" data-element_type=\"container\">\n\t\t\t\t<div class=\"elementor-element elementor-element-2d3a802 elementor-invisible elementor-widget elementor-widget-image\" data-id=\"2d3a802\" data-element_type=\"widget\" data-settings=\"{&quot;_animation&quot;:&quot;fadeInLeft&quot;}\" data-widget_type=\"image.default\">\n\t\t\t\t<div class=\"elementor-widget-container\">\n\t\t\t\t\t\t\t\t\t\t\t\t\t\t\t<img fetchpriority=\"high\" decoding=\"async\" width=\"800\" height=\"800\" src=\"https:\/\/matthewndt.com.mx\/wp-content\/uploads\/2023\/10\/Inspeccion-visual-copia-6-min.jpg\" class=\"elementor-animation-grow attachment-large size-large wp-image-191\" alt=\"\" srcset=\"https:\/\/matthewndt.com.mx\/wp-content\/uploads\/2023\/10\/Inspeccion-visual-copia-6-min.jpg 1024w, https:\/\/matthewndt.com.mx\/wp-content\/uploads\/2023\/10\/Inspeccion-visual-copia-6-min-300x300.jpg 300w, https:\/\/matthewndt.com.mx\/wp-content\/uploads\/2023\/10\/Inspeccion-visual-copia-6-min-150x150.jpg 150w, https:\/\/matthewndt.com.mx\/wp-content\/uploads\/2023\/10\/Inspeccion-visual-copia-6-min-768x768.jpg 768w\" sizes=\"(max-width: 800px) 100vw, 800px\" \/>\t\t\t\t\t\t\t\t\t\t\t\t\t\t\t<\/div>\n\t\t\t\t<\/div>\n\t\t\t\t<div class=\"elementor-element elementor-element-7b7ba5d elementor-invisible elementor-widget elementor-widget-text-editor\" data-id=\"7b7ba5d\" data-element_type=\"widget\" data-settings=\"{&quot;_animation&quot;:&quot;fadeInLeft&quot;}\" data-widget_type=\"text-editor.default\">\n\t\t\t\t<div class=\"elementor-widget-container\">\n\t\t\t\t\t\t\t\t\t<p>Bridge cam (W6-208)<\/p>\t\t\t\t\t\t\t\t<\/div>\n\t\t\t\t<\/div>\n\t\t\t\t<\/div>\n\t\t<div class=\"elementor-element elementor-element-26affec e-con-full e-flex e-con e-child\" data-id=\"26affec\" data-element_type=\"container\">\n\t\t\t\t<div class=\"elementor-element elementor-element-8f6582e elementor-invisible elementor-widget elementor-widget-image\" data-id=\"8f6582e\" data-element_type=\"widget\" data-settings=\"{&quot;_animation&quot;:&quot;fadeInLeft&quot;}\" data-widget_type=\"image.default\">\n\t\t\t\t<div class=\"elementor-widget-container\">\n\t\t\t\t\t\t\t\t\t\t\t\t\t\t\t<img decoding=\"async\" width=\"800\" height=\"800\" src=\"https:\/\/matthewndt.com.mx\/wp-content\/uploads\/2023\/10\/Inspeccion-visual-copia-5-min.jpg\" class=\"elementor-animation-grow attachment-large size-large wp-image-190\" alt=\"\" srcset=\"https:\/\/matthewndt.com.mx\/wp-content\/uploads\/2023\/10\/Inspeccion-visual-copia-5-min.jpg 1024w, https:\/\/matthewndt.com.mx\/wp-content\/uploads\/2023\/10\/Inspeccion-visual-copia-5-min-300x300.jpg 300w, https:\/\/matthewndt.com.mx\/wp-content\/uploads\/2023\/10\/Inspeccion-visual-copia-5-min-150x150.jpg 150w, https:\/\/matthewndt.com.mx\/wp-content\/uploads\/2023\/10\/Inspeccion-visual-copia-5-min-768x768.jpg 768w\" sizes=\"(max-width: 800px) 100vw, 800px\" \/>\t\t\t\t\t\t\t\t\t\t\t\t\t\t\t<\/div>\n\t\t\t\t<\/div>\n\t\t\t\t<div class=\"elementor-element elementor-element-6fd7b30 elementor-invisible elementor-widget elementor-widget-text-editor\" data-id=\"6fd7b30\" data-element_type=\"widget\" data-settings=\"{&quot;_animation&quot;:&quot;fadeInLeft&quot;}\" data-widget_type=\"text-editor.default\">\n\t\t\t\t<div class=\"elementor-widget-container\">\n\t\t\t\t\t\t\t\t\t<p>Pipe pit (W6-503)<\/p>\t\t\t\t\t\t\t\t<\/div>\n\t\t\t\t<\/div>\n\t\t\t\t<\/div>\n\t\t<div class=\"elementor-element elementor-element-843f2fd e-con-full e-flex e-con e-child\" data-id=\"843f2fd\" data-element_type=\"container\">\n\t\t\t\t<div class=\"elementor-element elementor-element-3100f04 elementor-invisible elementor-widget elementor-widget-image\" data-id=\"3100f04\" data-element_type=\"widget\" data-settings=\"{&quot;_animation&quot;:&quot;fadeInLeft&quot;}\" data-widget_type=\"image.default\">\n\t\t\t\t<div class=\"elementor-widget-container\">\n\t\t\t\t\t\t\t\t\t\t\t\t\t\t\t<img decoding=\"async\" width=\"800\" height=\"800\" src=\"https:\/\/matthewndt.com.mx\/wp-content\/uploads\/2023\/10\/Inspeccion-visual-copia-3-min.jpg\" class=\"elementor-animation-grow attachment-large size-large wp-image-188\" alt=\"\" srcset=\"https:\/\/matthewndt.com.mx\/wp-content\/uploads\/2023\/10\/Inspeccion-visual-copia-3-min.jpg 1024w, https:\/\/matthewndt.com.mx\/wp-content\/uploads\/2023\/10\/Inspeccion-visual-copia-3-min-300x300.jpg 300w, https:\/\/matthewndt.com.mx\/wp-content\/uploads\/2023\/10\/Inspeccion-visual-copia-3-min-150x150.jpg 150w, https:\/\/matthewndt.com.mx\/wp-content\/uploads\/2023\/10\/Inspeccion-visual-copia-3-min-768x768.jpg 768w\" sizes=\"(max-width: 800px) 100vw, 800px\" \/>\t\t\t\t\t\t\t\t\t\t\t\t\t\t\t<\/div>\n\t\t\t\t<\/div>\n\t\t\t\t<div class=\"elementor-element elementor-element-f6a3c1f elementor-invisible elementor-widget elementor-widget-text-editor\" data-id=\"f6a3c1f\" data-element_type=\"widget\" data-settings=\"{&quot;_animation&quot;:&quot;fadeInLeft&quot;}\" data-widget_type=\"text-editor.default\">\n\t\t\t\t<div class=\"elementor-widget-container\">\n\t\t\t\t\t\t\t\t\t<p>V-WAC<\/p>\t\t\t\t\t\t\t\t<\/div>\n\t\t\t\t<\/div>\n\t\t\t\t<\/div>\n\t\t\t\t\t<\/div>\n\t\t\t\t<\/div>\n\t\t\t\t\t<\/div>\n\t\t\t\t<\/div>\n\t\t<div class=\"elementor-element elementor-element-c4fbaa0 e-flex e-con-boxed e-con e-parent\" data-id=\"c4fbaa0\" data-element_type=\"container\">\n\t\t\t\t\t<div class=\"e-con-inner\">\n\t\t<div class=\"elementor-element elementor-element-e528821 e-flex e-con-boxed e-con e-child\" data-id=\"e528821\" data-element_type=\"container\">\n\t\t\t\t\t<div class=\"e-con-inner\">\n\t\t<div class=\"elementor-element elementor-element-2087b52 e-con-full e-flex e-con e-child\" data-id=\"2087b52\" data-element_type=\"container\">\n\t\t\t\t<div class=\"elementor-element elementor-element-3268bc7 elementor-invisible elementor-widget elementor-widget-image\" data-id=\"3268bc7\" data-element_type=\"widget\" data-settings=\"{&quot;_animation&quot;:&quot;fadeInLeft&quot;}\" data-widget_type=\"image.default\">\n\t\t\t\t<div class=\"elementor-widget-container\">\n\t\t\t\t\t\t\t\t\t\t\t\t\t\t\t<img loading=\"lazy\" decoding=\"async\" width=\"800\" height=\"800\" src=\"https:\/\/matthewndt.com.mx\/wp-content\/uploads\/2023\/10\/HI-LO.jpg\" class=\"elementor-animation-grow attachment-large size-large wp-image-186\" alt=\"\" srcset=\"https:\/\/matthewndt.com.mx\/wp-content\/uploads\/2023\/10\/HI-LO.jpg 1024w, https:\/\/matthewndt.com.mx\/wp-content\/uploads\/2023\/10\/HI-LO-300x300.jpg 300w, https:\/\/matthewndt.com.mx\/wp-content\/uploads\/2023\/10\/HI-LO-150x150.jpg 150w, https:\/\/matthewndt.com.mx\/wp-content\/uploads\/2023\/10\/HI-LO-768x768.jpg 768w\" sizes=\"(max-width: 800px) 100vw, 800px\" \/>\t\t\t\t\t\t\t\t\t\t\t\t\t\t\t<\/div>\n\t\t\t\t<\/div>\n\t\t\t\t<div class=\"elementor-element elementor-element-eb21fc8 elementor-invisible elementor-widget elementor-widget-text-editor\" data-id=\"eb21fc8\" data-element_type=\"widget\" data-settings=\"{&quot;_animation&quot;:&quot;fadeInLeft&quot;}\" data-widget_type=\"text-editor.default\">\n\t\t\t\t<div class=\"elementor-widget-container\">\n\t\t\t\t\t\t\t\t\t<p>Hi-lo (W6-601)<\/p>\t\t\t\t\t\t\t\t<\/div>\n\t\t\t\t<\/div>\n\t\t\t\t<\/div>\n\t\t<div class=\"elementor-element elementor-element-74cbea9 e-con-full e-flex e-con e-child\" data-id=\"74cbea9\" data-element_type=\"container\">\n\t\t\t\t<div class=\"elementor-element elementor-element-d8c41a0 elementor-invisible elementor-widget elementor-widget-image\" data-id=\"d8c41a0\" data-element_type=\"widget\" data-settings=\"{&quot;_animation&quot;:&quot;fadeInLeft&quot;}\" data-widget_type=\"image.default\">\n\t\t\t\t<div class=\"elementor-widget-container\">\n\t\t\t\t\t\t\t\t\t\t\t\t\t\t\t<img loading=\"lazy\" decoding=\"async\" width=\"800\" height=\"800\" src=\"https:\/\/matthewndt.com.mx\/wp-content\/uploads\/2023\/10\/Inspeccion-visual-copia-2-min.jpg\" class=\"elementor-animation-grow attachment-large size-large wp-image-187\" alt=\"\" srcset=\"https:\/\/matthewndt.com.mx\/wp-content\/uploads\/2023\/10\/Inspeccion-visual-copia-2-min.jpg 1024w, https:\/\/matthewndt.com.mx\/wp-content\/uploads\/2023\/10\/Inspeccion-visual-copia-2-min-300x300.jpg 300w, https:\/\/matthewndt.com.mx\/wp-content\/uploads\/2023\/10\/Inspeccion-visual-copia-2-min-150x150.jpg 150w, https:\/\/matthewndt.com.mx\/wp-content\/uploads\/2023\/10\/Inspeccion-visual-copia-2-min-768x768.jpg 768w\" sizes=\"(max-width: 800px) 100vw, 800px\" \/>\t\t\t\t\t\t\t\t\t\t\t\t\t\t\t<\/div>\n\t\t\t\t<\/div>\n\t\t\t\t<div class=\"elementor-element elementor-element-9ea327e elementor-invisible elementor-widget elementor-widget-text-editor\" data-id=\"9ea327e\" data-element_type=\"widget\" data-settings=\"{&quot;_animation&quot;:&quot;fadeInLeft&quot;}\" data-widget_type=\"text-editor.default\">\n\t\t\t\t<div class=\"elementor-widget-container\">\n\t\t\t\t\t\t\t\t\t<p>Automatic Weld (W6-512)<\/p>\t\t\t\t\t\t\t\t<\/div>\n\t\t\t\t<\/div>\n\t\t\t\t<\/div>\n\t\t<div class=\"elementor-element elementor-element-f115200 e-con-full e-flex e-con e-child\" data-id=\"f115200\" data-element_type=\"container\">\n\t\t\t\t<div class=\"elementor-element elementor-element-f479fc4 elementor-invisible elementor-widget elementor-widget-image\" data-id=\"f479fc4\" data-element_type=\"widget\" data-settings=\"{&quot;_animation&quot;:&quot;fadeInLeft&quot;}\" data-widget_type=\"image.default\">\n\t\t\t\t<div class=\"elementor-widget-container\">\n\t\t\t\t\t\t\t\t\t\t\t\t\t\t\t<img loading=\"lazy\" decoding=\"async\" width=\"800\" height=\"800\" src=\"https:\/\/matthewndt.com.mx\/wp-content\/uploads\/2023\/10\/Inspeccion-visual-copia-4-min.jpg\" class=\"elementor-animation-grow attachment-large size-large wp-image-189\" alt=\"\" srcset=\"https:\/\/matthewndt.com.mx\/wp-content\/uploads\/2023\/10\/Inspeccion-visual-copia-4-min.jpg 1024w, https:\/\/matthewndt.com.mx\/wp-content\/uploads\/2023\/10\/Inspeccion-visual-copia-4-min-300x300.jpg 300w, https:\/\/matthewndt.com.mx\/wp-content\/uploads\/2023\/10\/Inspeccion-visual-copia-4-min-150x150.jpg 150w, https:\/\/matthewndt.com.mx\/wp-content\/uploads\/2023\/10\/Inspeccion-visual-copia-4-min-768x768.jpg 768w\" sizes=\"(max-width: 800px) 100vw, 800px\" \/>\t\t\t\t\t\t\t\t\t\t\t\t\t\t\t<\/div>\n\t\t\t\t<\/div>\n\t\t\t\t<div class=\"elementor-element elementor-element-b2f1303 elementor-invisible elementor-widget elementor-widget-text-editor\" data-id=\"b2f1303\" data-element_type=\"widget\" data-settings=\"{&quot;_animation&quot;:&quot;fadeInLeft&quot;}\" data-widget_type=\"text-editor.default\">\n\t\t\t\t<div class=\"elementor-widget-container\">\n\t\t\t\t\t\t\t\t\t<p>MG-11 (Set de 7 piezas de soldadura)<\/p>\t\t\t\t\t\t\t\t<\/div>\n\t\t\t\t<\/div>\n\t\t\t\t<\/div>\n\t\t\t\t\t<\/div>\n\t\t\t\t<\/div>\n\t\t\t\t\t<\/div>\n\t\t\t\t<\/div>\n\t\t<div class=\"elementor-element elementor-element-0ecf27c e-flex e-con-boxed e-con e-parent\" data-id=\"0ecf27c\" data-element_type=\"container\">\n\t\t\t\t\t<div class=\"e-con-inner\">\n\t\t<div class=\"elementor-element elementor-element-1fb47b4 e-flex e-con-boxed e-con e-child\" data-id=\"1fb47b4\" data-element_type=\"container\">\n\t\t\t\t\t<div class=\"e-con-inner\">\n\t\t<div class=\"elementor-element elementor-element-0645322 e-flex e-con-boxed e-con e-child\" data-id=\"0645322\" data-element_type=\"container\">\n\t\t\t\t\t<div class=\"e-con-inner\">\n\t\t\t\t\t<\/div>\n\t\t\t\t<\/div>\n\t\t<div class=\"elementor-element elementor-element-9a1ac43 e-flex e-con-boxed e-con e-child\" data-id=\"9a1ac43\" data-element_type=\"container\">\n\t\t\t\t\t<div class=\"e-con-inner\">\n\t\t\t\t<div class=\"elementor-element elementor-element-bc3999e elementor-invisible elementor-widget elementor-widget-image\" data-id=\"bc3999e\" data-element_type=\"widget\" data-settings=\"{&quot;_animation&quot;:&quot;fadeInLeft&quot;}\" data-widget_type=\"image.default\">\n\t\t\t\t<div class=\"elementor-widget-container\">\n\t\t\t\t\t\t\t\t\t\t\t\t\t\t\t<img loading=\"lazy\" decoding=\"async\" width=\"800\" height=\"800\" src=\"https:\/\/matthewndt.com.mx\/wp-content\/uploads\/2023\/10\/WG-700-1024x1024.png\" class=\"elementor-animation-grow attachment-large size-large wp-image-302\" alt=\"\" srcset=\"https:\/\/matthewndt.com.mx\/wp-content\/uploads\/2023\/10\/WG-700-1024x1024.png 1024w, https:\/\/matthewndt.com.mx\/wp-content\/uploads\/2023\/10\/WG-700-300x300.png 300w, https:\/\/matthewndt.com.mx\/wp-content\/uploads\/2023\/10\/WG-700-150x150.png 150w, https:\/\/matthewndt.com.mx\/wp-content\/uploads\/2023\/10\/WG-700-768x768.png 768w, https:\/\/matthewndt.com.mx\/wp-content\/uploads\/2023\/10\/WG-700.png 1500w\" sizes=\"(max-width: 800px) 100vw, 800px\" \/>\t\t\t\t\t\t\t\t\t\t\t\t\t\t\t<\/div>\n\t\t\t\t<\/div>\n\t\t\t\t<div class=\"elementor-element elementor-element-021809e elementor-invisible elementor-widget elementor-widget-text-editor\" data-id=\"021809e\" data-element_type=\"widget\" data-settings=\"{&quot;_animation&quot;:&quot;fadeInLeft&quot;}\" data-widget_type=\"text-editor.default\">\n\t\t\t\t<div class=\"elementor-widget-container\">\n\t\t\t\t\t\t\t\t\t<p>Kit de 13 piezas para VT<\/p>\t\t\t\t\t\t\t\t<\/div>\n\t\t\t\t<\/div>\n\t\t\t\t\t<\/div>\n\t\t\t\t<\/div>\n\t\t<div class=\"elementor-element elementor-element-4f38a38 e-flex e-con-boxed e-con e-child\" data-id=\"4f38a38\" data-element_type=\"container\">\n\t\t\t\t\t<div class=\"e-con-inner\">\n\t\t\t\t\t<\/div>\n\t\t\t\t<\/div>\n\t\t\t\t\t<\/div>\n\t\t\t\t<\/div>\n\t\t\t\t\t<\/div>\n\t\t\t\t<\/div>\n\t\t\t\t<\/div>\n\t\t","protected":false},"excerpt":{"rendered":"<p>Inspecci\u00f3n Visual La inspecci\u00f3n visual es el m\u00e9todo de ensayo no destructivo mas vers\u00e1til que se utiliza con mas frecuencia en las inspecciones de superficies expuestas o accesibles de cuerpos ensambles o productos terminados para determinar el estado de integridad general de una parte o componente. Bridge cam (W6-208) Pipe pit (W6-503) V-WAC Hi-lo (W6-601) [&hellip;]<\/p>\n","protected":false},"author":1,"featured_media":0,"parent":26,"menu_order":0,"comment_status":"closed","ping_status":"closed","template":"","meta":{"footnotes":""},"class_list":["post-28","page","type-page","status-publish","hentry"],"_links":{"self":[{"href":"https:\/\/matthewndt.com.mx\/index.php\/wp-json\/wp\/v2\/pages\/28","targetHints":{"allow":["GET"]}}],"collection":[{"href":"https:\/\/matthewndt.com.mx\/index.php\/wp-json\/wp\/v2\/pages"}],"about":[{"href":"https:\/\/matthewndt.com.mx\/index.php\/wp-json\/wp\/v2\/types\/page"}],"author":[{"embeddable":true,"href":"https:\/\/matthewndt.com.mx\/index.php\/wp-json\/wp\/v2\/users\/1"}],"replies":[{"embeddable":true,"href":"https:\/\/matthewndt.com.mx\/index.php\/wp-json\/wp\/v2\/comments?post=28"}],"version-history":[{"count":43,"href":"https:\/\/matthewndt.com.mx\/index.php\/wp-json\/wp\/v2\/pages\/28\/revisions"}],"predecessor-version":[{"id":420,"href":"https:\/\/matthewndt.com.mx\/index.php\/wp-json\/wp\/v2\/pages\/28\/revisions\/420"}],"up":[{"embeddable":true,"href":"https:\/\/matthewndt.com.mx\/index.php\/wp-json\/wp\/v2\/pages\/26"}],"wp:attachment":[{"href":"https:\/\/matthewndt.com.mx\/index.php\/wp-json\/wp\/v2\/media?parent=28"}],"curies":[{"name":"wp","href":"https:\/\/api.w.org\/{rel}","templated":true}]}}