{"id":34,"date":"2023-09-27T22:03:24","date_gmt":"2023-09-27T22:03:24","guid":{"rendered":"https:\/\/matthewndt.com.mx\/?page_id=34"},"modified":"2023-10-20T20:15:59","modified_gmt":"2023-10-20T20:15:59","slug":"bloques-de-calibracion","status":"publish","type":"page","link":"https:\/\/matthewndt.com.mx\/index.php\/productos\/bloques-de-calibracion\/","title":{"rendered":"Bloques de calibraci\u00f3n"},"content":{"rendered":"\t\t<div data-elementor-type=\"wp-page\" data-elementor-id=\"34\" class=\"elementor elementor-34\" data-elementor-post-type=\"page\">\n\t\t\t\t<div class=\"elementor-element elementor-element-1d1fe03 e-flex e-con-boxed e-con e-parent\" data-id=\"1d1fe03\" data-element_type=\"container\" data-settings=\"{&quot;background_background&quot;:&quot;classic&quot;}\">\n\t\t\t\t\t<div class=\"e-con-inner\">\n\t\t\t\t<div class=\"elementor-element elementor-element-d7bd1cb elementor-widget elementor-widget-heading\" data-id=\"d7bd1cb\" data-element_type=\"widget\" data-widget_type=\"heading.default\">\n\t\t\t\t<div class=\"elementor-widget-container\">\n\t\t\t\t\t<h2 class=\"elementor-heading-title elementor-size-default\">Bloques de Calibraci\u00f3n<\/h2>\t\t\t\t<\/div>\n\t\t\t\t<\/div>\n\t\t\t\t<div class=\"elementor-element elementor-element-62c62d8 elementor-widget__width-initial elementor-hidden-mobile elementor-widget elementor-widget-text-editor\" data-id=\"62c62d8\" data-element_type=\"widget\" data-widget_type=\"text-editor.default\">\n\t\t\t\t<div class=\"elementor-widget-container\">\n\t\t\t\t\t\t\t\t\t<p>Estos bloques son usados para revisar la precisi\u00f3n de medida y calibraci\u00f3n del espesor de los dispositivos estas se encuentran disponibles en diferentes versiones m\u00e9tricas.<\/p>\t\t\t\t\t\t\t\t<\/div>\n\t\t\t\t<\/div>\n\t\t\t\t\t<\/div>\n\t\t\t\t<\/div>\n\t\t<div class=\"elementor-element elementor-element-fe563e3 e-flex e-con-boxed e-con e-parent\" data-id=\"fe563e3\" data-element_type=\"container\">\n\t\t\t\t\t<div class=\"e-con-inner\">\n\t\t<div class=\"elementor-element elementor-element-f147e88 e-flex e-con-boxed e-con e-child\" data-id=\"f147e88\" data-element_type=\"container\">\n\t\t\t\t\t<div class=\"e-con-inner\">\n\t\t<div class=\"elementor-element elementor-element-cf98adb e-con-full e-flex e-con e-child\" data-id=\"cf98adb\" data-element_type=\"container\">\n\t\t\t\t<div class=\"elementor-element elementor-element-7f6751b elementor-invisible elementor-widget elementor-widget-image\" data-id=\"7f6751b\" data-element_type=\"widget\" data-settings=\"{&quot;_animation&quot;:&quot;fadeInLeft&quot;}\" data-widget_type=\"image.default\">\n\t\t\t\t<div class=\"elementor-widget-container\">\n\t\t\t\t\t\t\t\t\t\t\t\t\t\t\t<img fetchpriority=\"high\" decoding=\"async\" width=\"800\" height=\"800\" src=\"https:\/\/matthewndt.com.mx\/wp-content\/uploads\/2023\/10\/bloques-copia-3-min.jpg\" class=\"elementor-animation-grow attachment-large size-large wp-image-236\" alt=\"\" srcset=\"https:\/\/matthewndt.com.mx\/wp-content\/uploads\/2023\/10\/bloques-copia-3-min.jpg 1024w, https:\/\/matthewndt.com.mx\/wp-content\/uploads\/2023\/10\/bloques-copia-3-min-300x300.jpg 300w, https:\/\/matthewndt.com.mx\/wp-content\/uploads\/2023\/10\/bloques-copia-3-min-150x150.jpg 150w, https:\/\/matthewndt.com.mx\/wp-content\/uploads\/2023\/10\/bloques-copia-3-min-768x768.jpg 768w\" sizes=\"(max-width: 800px) 100vw, 800px\" \/>\t\t\t\t\t\t\t\t\t\t\t\t\t\t\t<\/div>\n\t\t\t\t<\/div>\n\t\t\t\t<div class=\"elementor-element elementor-element-79696a7 elementor-invisible elementor-widget elementor-widget-text-editor\" data-id=\"79696a7\" data-element_type=\"widget\" data-settings=\"{&quot;_animation&quot;:&quot;fadeInLeft&quot;}\" data-widget_type=\"text-editor.default\">\n\t\t\t\t<div class=\"elementor-widget-container\">\n\t\t\t\t\t\t\t\t\t<p>IIW TIPO 1<\/p>\t\t\t\t\t\t\t\t<\/div>\n\t\t\t\t<\/div>\n\t\t\t\t<\/div>\n\t\t<div class=\"elementor-element elementor-element-2327fdb e-con-full e-flex e-con e-child\" data-id=\"2327fdb\" data-element_type=\"container\">\n\t\t\t\t<div class=\"elementor-element elementor-element-6250520 elementor-invisible elementor-widget elementor-widget-image\" data-id=\"6250520\" data-element_type=\"widget\" data-settings=\"{&quot;_animation&quot;:&quot;fadeInLeft&quot;}\" data-widget_type=\"image.default\">\n\t\t\t\t<div class=\"elementor-widget-container\">\n\t\t\t\t\t\t\t\t\t\t\t\t\t\t\t<img decoding=\"async\" width=\"800\" height=\"800\" src=\"https:\/\/matthewndt.com.mx\/wp-content\/uploads\/2023\/10\/bloques-copia-min.jpg\" class=\"elementor-animation-grow attachment-large size-large wp-image-235\" alt=\"\" srcset=\"https:\/\/matthewndt.com.mx\/wp-content\/uploads\/2023\/10\/bloques-copia-min.jpg 1024w, https:\/\/matthewndt.com.mx\/wp-content\/uploads\/2023\/10\/bloques-copia-min-300x300.jpg 300w, https:\/\/matthewndt.com.mx\/wp-content\/uploads\/2023\/10\/bloques-copia-min-150x150.jpg 150w, https:\/\/matthewndt.com.mx\/wp-content\/uploads\/2023\/10\/bloques-copia-min-768x768.jpg 768w\" sizes=\"(max-width: 800px) 100vw, 800px\" \/>\t\t\t\t\t\t\t\t\t\t\t\t\t\t\t<\/div>\n\t\t\t\t<\/div>\n\t\t\t\t<div class=\"elementor-element elementor-element-20920e3 elementor-invisible elementor-widget elementor-widget-text-editor\" data-id=\"20920e3\" data-element_type=\"widget\" data-settings=\"{&quot;_animation&quot;:&quot;fadeInLeft&quot;}\" data-widget_type=\"text-editor.default\">\n\t\t\t\t<div class=\"elementor-widget-container\">\n\t\t\t\t\t\t\t\t\t<p>Asme \u00be<\/p>\t\t\t\t\t\t\t\t<\/div>\n\t\t\t\t<\/div>\n\t\t\t\t<\/div>\n\t\t<div class=\"elementor-element elementor-element-1c9a040 e-con-full e-flex e-con e-child\" data-id=\"1c9a040\" data-element_type=\"container\">\n\t\t\t\t<div class=\"elementor-element elementor-element-0564a79 elementor-invisible elementor-widget elementor-widget-image\" data-id=\"0564a79\" data-element_type=\"widget\" data-settings=\"{&quot;_animation&quot;:&quot;fadeInLeft&quot;}\" data-widget_type=\"image.default\">\n\t\t\t\t<div class=\"elementor-widget-container\">\n\t\t\t\t\t\t\t\t\t\t\t\t\t\t\t<img decoding=\"async\" width=\"800\" height=\"800\" src=\"https:\/\/matthewndt.com.mx\/wp-content\/uploads\/2023\/10\/bloques-copia-4-min.jpg\" class=\"elementor-animation-grow attachment-large size-large wp-image-234\" alt=\"\" srcset=\"https:\/\/matthewndt.com.mx\/wp-content\/uploads\/2023\/10\/bloques-copia-4-min.jpg 1024w, https:\/\/matthewndt.com.mx\/wp-content\/uploads\/2023\/10\/bloques-copia-4-min-300x300.jpg 300w, https:\/\/matthewndt.com.mx\/wp-content\/uploads\/2023\/10\/bloques-copia-4-min-150x150.jpg 150w, https:\/\/matthewndt.com.mx\/wp-content\/uploads\/2023\/10\/bloques-copia-4-min-768x768.jpg 768w\" sizes=\"(max-width: 800px) 100vw, 800px\" \/>\t\t\t\t\t\t\t\t\t\t\t\t\t\t\t<\/div>\n\t\t\t\t<\/div>\n\t\t\t\t<div class=\"elementor-element elementor-element-e944294 elementor-invisible elementor-widget elementor-widget-text-editor\" data-id=\"e944294\" data-element_type=\"widget\" data-settings=\"{&quot;_animation&quot;:&quot;fadeInLeft&quot;}\" data-widget_type=\"text-editor.default\">\n\t\t\t\t<div class=\"elementor-widget-container\">\n\t\t\t\t\t\t\t\t\t<p>V2<\/p>\t\t\t\t\t\t\t\t<\/div>\n\t\t\t\t<\/div>\n\t\t\t\t<\/div>\n\t\t\t\t\t<\/div>\n\t\t\t\t<\/div>\n\t\t\t\t\t<\/div>\n\t\t\t\t<\/div>\n\t\t<div class=\"elementor-element elementor-element-2adcd75 e-flex e-con-boxed e-con e-parent\" data-id=\"2adcd75\" data-element_type=\"container\">\n\t\t\t\t\t<div class=\"e-con-inner\">\n\t\t<div class=\"elementor-element elementor-element-fab4a70 e-flex e-con-boxed e-con e-child\" data-id=\"fab4a70\" data-element_type=\"container\">\n\t\t\t\t\t<div class=\"e-con-inner\">\n\t\t<div class=\"elementor-element elementor-element-d5aa160 e-con-full e-flex e-con e-child\" data-id=\"d5aa160\" data-element_type=\"container\">\n\t\t\t\t<div class=\"elementor-element elementor-element-62f5e0c elementor-invisible elementor-widget elementor-widget-image\" data-id=\"62f5e0c\" data-element_type=\"widget\" data-settings=\"{&quot;_animation&quot;:&quot;fadeInLeft&quot;}\" data-widget_type=\"image.default\">\n\t\t\t\t<div class=\"elementor-widget-container\">\n\t\t\t\t\t\t\t\t\t\t\t\t\t\t\t<img loading=\"lazy\" decoding=\"async\" width=\"500\" height=\"500\" src=\"https:\/\/matthewndt.com.mx\/wp-content\/uploads\/2023\/10\/31EVhkqKR3L.jpg\" class=\"elementor-animation-grow attachment-large size-large wp-image-328\" alt=\"\" srcset=\"https:\/\/matthewndt.com.mx\/wp-content\/uploads\/2023\/10\/31EVhkqKR3L.jpg 500w, https:\/\/matthewndt.com.mx\/wp-content\/uploads\/2023\/10\/31EVhkqKR3L-300x300.jpg 300w, https:\/\/matthewndt.com.mx\/wp-content\/uploads\/2023\/10\/31EVhkqKR3L-150x150.jpg 150w\" sizes=\"(max-width: 500px) 100vw, 500px\" \/>\t\t\t\t\t\t\t\t\t\t\t\t\t\t\t<\/div>\n\t\t\t\t<\/div>\n\t\t\t\t<div class=\"elementor-element elementor-element-79d072e elementor-invisible elementor-widget elementor-widget-text-editor\" data-id=\"79d072e\" data-element_type=\"widget\" data-settings=\"{&quot;_animation&quot;:&quot;fadeInLeft&quot;}\" data-widget_type=\"text-editor.default\">\n\t\t\t\t<div class=\"elementor-widget-container\">\n\t\t\t\t\t\t\t\t\t<p>IIW TIPO 2<\/p>\t\t\t\t\t\t\t\t<\/div>\n\t\t\t\t<\/div>\n\t\t\t\t<\/div>\n\t\t<div class=\"elementor-element elementor-element-75ad765 e-con-full e-flex e-con e-child\" data-id=\"75ad765\" data-element_type=\"container\">\n\t\t\t\t<div class=\"elementor-element elementor-element-9d25273 elementor-invisible elementor-widget elementor-widget-image\" data-id=\"9d25273\" data-element_type=\"widget\" data-settings=\"{&quot;_animation&quot;:&quot;fadeInLeft&quot;}\" data-widget_type=\"image.default\">\n\t\t\t\t<div class=\"elementor-widget-container\">\n\t\t\t\t\t\t\t\t\t\t\t\t\t\t\t<img loading=\"lazy\" decoding=\"async\" width=\"378\" height=\"330\" src=\"https:\/\/matthewndt.com.mx\/wp-content\/uploads\/2023\/10\/imga-bloque-DSC-phtools-.webp\" class=\"elementor-animation-grow attachment-large size-large wp-image-327\" alt=\"\" srcset=\"https:\/\/matthewndt.com.mx\/wp-content\/uploads\/2023\/10\/imga-bloque-DSC-phtools-.webp 378w, https:\/\/matthewndt.com.mx\/wp-content\/uploads\/2023\/10\/imga-bloque-DSC-phtools--300x262.webp 300w\" sizes=\"(max-width: 378px) 100vw, 378px\" \/>\t\t\t\t\t\t\t\t\t\t\t\t\t\t\t<\/div>\n\t\t\t\t<\/div>\n\t\t\t\t<div class=\"elementor-element elementor-element-f70aaab elementor-invisible elementor-widget elementor-widget-text-editor\" data-id=\"f70aaab\" data-element_type=\"widget\" data-settings=\"{&quot;_animation&quot;:&quot;fadeInLeft&quot;}\" data-widget_type=\"text-editor.default\">\n\t\t\t\t<div class=\"elementor-widget-container\">\n\t\t\t\t\t\t\t\t\t<p>DSC<\/p>\t\t\t\t\t\t\t\t<\/div>\n\t\t\t\t<\/div>\n\t\t\t\t<\/div>\n\t\t<div class=\"elementor-element elementor-element-c504894 e-con-full e-flex e-con e-child\" data-id=\"c504894\" data-element_type=\"container\">\n\t\t\t\t<div class=\"elementor-element elementor-element-a4626c9 elementor-invisible elementor-widget elementor-widget-image\" data-id=\"a4626c9\" data-element_type=\"widget\" data-settings=\"{&quot;_animation&quot;:&quot;fadeInLeft&quot;}\" data-widget_type=\"image.default\">\n\t\t\t\t<div class=\"elementor-widget-container\">\n\t\t\t\t\t\t\t\t\t\t\t\t\t\t\t<img loading=\"lazy\" decoding=\"async\" width=\"800\" height=\"682\" src=\"https:\/\/matthewndt.com.mx\/wp-content\/uploads\/2023\/10\/710qaM3DbOL-1024x873.jpg\" class=\"elementor-animation-grow attachment-large size-large wp-image-326\" alt=\"\" srcset=\"https:\/\/matthewndt.com.mx\/wp-content\/uploads\/2023\/10\/710qaM3DbOL-1024x873.jpg 1024w, https:\/\/matthewndt.com.mx\/wp-content\/uploads\/2023\/10\/710qaM3DbOL-300x256.jpg 300w, https:\/\/matthewndt.com.mx\/wp-content\/uploads\/2023\/10\/710qaM3DbOL-768x655.jpg 768w, https:\/\/matthewndt.com.mx\/wp-content\/uploads\/2023\/10\/710qaM3DbOL-1536x1310.jpg 1536w, https:\/\/matthewndt.com.mx\/wp-content\/uploads\/2023\/10\/710qaM3DbOL-2048x1746.jpg 2048w\" sizes=\"(max-width: 800px) 100vw, 800px\" \/>\t\t\t\t\t\t\t\t\t\t\t\t\t\t\t<\/div>\n\t\t\t\t<\/div>\n\t\t\t\t<div class=\"elementor-element elementor-element-35bdc5f elementor-invisible elementor-widget elementor-widget-text-editor\" data-id=\"35bdc5f\" data-element_type=\"widget\" data-settings=\"{&quot;_animation&quot;:&quot;fadeInLeft&quot;}\" data-widget_type=\"text-editor.default\">\n\t\t\t\t<div class=\"elementor-widget-container\">\n\t\t\t\t\t\t\t\t\t<p>RESOLUCI\u00d3N RC\/AWS<\/p>\t\t\t\t\t\t\t\t<\/div>\n\t\t\t\t<\/div>\n\t\t\t\t<\/div>\n\t\t\t\t\t<\/div>\n\t\t\t\t<\/div>\n\t\t\t\t\t<\/div>\n\t\t\t\t<\/div>\n\t\t<div class=\"elementor-element elementor-element-6c477e6 e-flex e-con-boxed e-con e-parent\" data-id=\"6c477e6\" data-element_type=\"container\">\n\t\t\t\t\t<div class=\"e-con-inner\">\n\t\t<div class=\"elementor-element elementor-element-0fabcff e-flex e-con-boxed e-con e-child\" data-id=\"0fabcff\" data-element_type=\"container\">\n\t\t\t\t\t<div class=\"e-con-inner\">\n\t\t<div class=\"elementor-element elementor-element-91e94bb e-con-full e-flex e-con e-child\" data-id=\"91e94bb\" data-element_type=\"container\">\n\t\t\t\t<div class=\"elementor-element elementor-element-8ae3c0c elementor-invisible elementor-widget elementor-widget-image\" data-id=\"8ae3c0c\" data-element_type=\"widget\" data-settings=\"{&quot;_animation&quot;:&quot;fadeInLeft&quot;}\" data-widget_type=\"image.default\">\n\t\t\t\t<div class=\"elementor-widget-container\">\n\t\t\t\t\t\t\t\t\t\t\t\t\t\t\t<img loading=\"lazy\" decoding=\"async\" width=\"800\" height=\"707\" src=\"https:\/\/matthewndt.com.mx\/wp-content\/uploads\/2023\/10\/1.AWS-PACS.jpg.webp\" class=\"elementor-animation-grow attachment-large size-large wp-image-330\" alt=\"\" srcset=\"https:\/\/matthewndt.com.mx\/wp-content\/uploads\/2023\/10\/1.AWS-PACS.jpg.webp 905w, https:\/\/matthewndt.com.mx\/wp-content\/uploads\/2023\/10\/1.AWS-PACS.jpg-300x265.webp 300w, https:\/\/matthewndt.com.mx\/wp-content\/uploads\/2023\/10\/1.AWS-PACS.jpg-768x679.webp 768w\" sizes=\"(max-width: 800px) 100vw, 800px\" \/>\t\t\t\t\t\t\t\t\t\t\t\t\t\t\t<\/div>\n\t\t\t\t<\/div>\n\t\t\t\t<div class=\"elementor-element elementor-element-11fbc53 elementor-invisible elementor-widget elementor-widget-text-editor\" data-id=\"11fbc53\" data-element_type=\"widget\" data-settings=\"{&quot;_animation&quot;:&quot;fadeInLeft&quot;}\" data-widget_type=\"text-editor.default\">\n\t\t\t\t<div class=\"elementor-widget-container\">\n\t\t\t\t\t\t\t\t\t<p>PACS<\/p>\t\t\t\t\t\t\t\t<\/div>\n\t\t\t\t<\/div>\n\t\t\t\t<\/div>\n\t\t<div class=\"elementor-element elementor-element-fbeb71e e-con-full e-flex e-con e-child\" data-id=\"fbeb71e\" data-element_type=\"container\">\n\t\t\t\t<div class=\"elementor-element elementor-element-6749ec0 elementor-invisible elementor-widget elementor-widget-image\" data-id=\"6749ec0\" data-element_type=\"widget\" data-settings=\"{&quot;_animation&quot;:&quot;fadeInLeft&quot;}\" data-widget_type=\"image.default\">\n\t\t\t\t<div class=\"elementor-widget-container\">\n\t\t\t\t\t\t\t\t\t\t\t\t\t\t\t<img loading=\"lazy\" decoding=\"async\" width=\"500\" height=\"500\" src=\"https:\/\/matthewndt.com.mx\/wp-content\/uploads\/2023\/10\/31oQ7YOcL.jpg\" class=\"elementor-animation-grow attachment-large size-large wp-image-329\" alt=\"\" srcset=\"https:\/\/matthewndt.com.mx\/wp-content\/uploads\/2023\/10\/31oQ7YOcL.jpg 500w, https:\/\/matthewndt.com.mx\/wp-content\/uploads\/2023\/10\/31oQ7YOcL-300x300.jpg 300w, https:\/\/matthewndt.com.mx\/wp-content\/uploads\/2023\/10\/31oQ7YOcL-150x150.jpg 150w\" sizes=\"(max-width: 500px) 100vw, 500px\" \/>\t\t\t\t\t\t\t\t\t\t\t\t\t\t\t<\/div>\n\t\t\t\t<\/div>\n\t\t\t\t<div class=\"elementor-element elementor-element-5da484b elementor-invisible elementor-widget elementor-widget-text-editor\" data-id=\"5da484b\" data-element_type=\"widget\" data-settings=\"{&quot;_animation&quot;:&quot;fadeInLeft&quot;}\" data-widget_type=\"text-editor.default\">\n\t\t\t\t<div class=\"elementor-widget-container\">\n\t\t\t\t\t\t\t\t\t<p>DS<\/p>\t\t\t\t\t\t\t\t<\/div>\n\t\t\t\t<\/div>\n\t\t\t\t<\/div>\n\t\t<div class=\"elementor-element elementor-element-ef4b056 e-flex e-con-boxed e-con e-child\" data-id=\"ef4b056\" data-element_type=\"container\">\n\t\t\t\t\t<div class=\"e-con-inner\">\n\t\t\t\t\t<\/div>\n\t\t\t\t<\/div>\n\t\t\t\t\t<\/div>\n\t\t\t\t<\/div>\n\t\t\t\t\t<\/div>\n\t\t\t\t<\/div>\n\t\t<div class=\"elementor-element elementor-element-cb13e8e e-flex e-con-boxed e-con e-parent\" data-id=\"cb13e8e\" data-element_type=\"container\">\n\t\t\t\t\t<div class=\"e-con-inner\">\n\t\t\t\t<div class=\"elementor-element elementor-element-3dc98d6 elementor-widget elementor-widget-heading\" data-id=\"3dc98d6\" data-element_type=\"widget\" data-widget_type=\"heading.default\">\n\t\t\t\t<div class=\"elementor-widget-container\">\n\t\t\t\t\t<h2 class=\"elementor-heading-title elementor-size-default\">Bloques escalonados<\/h2>\t\t\t\t<\/div>\n\t\t\t\t<\/div>\n\t\t<div class=\"elementor-element elementor-element-579c015 e-flex e-con-boxed e-con e-child\" data-id=\"579c015\" data-element_type=\"container\">\n\t\t\t\t\t<div class=\"e-con-inner\">\n\t\t<div class=\"elementor-element elementor-element-d262f46 e-flex e-con-boxed e-con e-child\" data-id=\"d262f46\" data-element_type=\"container\">\n\t\t\t\t\t<div class=\"e-con-inner\">\n\t\t\t\t<div class=\"elementor-element elementor-element-e549b1a elementor-invisible elementor-widget elementor-widget-text-editor\" data-id=\"e549b1a\" data-element_type=\"widget\" data-settings=\"{&quot;_animation&quot;:&quot;fadeInLeft&quot;}\" data-widget_type=\"text-editor.default\">\n\t\t\t\t<div class=\"elementor-widget-container\">\n\t\t\t\t\t\t\t\t\t<p>Estos bloques pueden ser en <strong>mil\u00edmetros<\/strong> o <strong>pulgadas<\/strong> y pueden ser producidos de acuerdo a los diferentes est\u00e1ndares como ASTM-E794.<\/p>\t\t\t\t\t\t\t\t<\/div>\n\t\t\t\t<\/div>\n\t\t\t\t\t<\/div>\n\t\t\t\t<\/div>\n\t\t<div class=\"elementor-element elementor-element-b262b0e e-con-full e-flex e-con e-child\" data-id=\"b262b0e\" data-element_type=\"container\">\n\t\t\t\t<div class=\"elementor-element elementor-element-66a622f elementor-invisible elementor-widget elementor-widget-image\" data-id=\"66a622f\" data-element_type=\"widget\" data-settings=\"{&quot;_animation&quot;:&quot;fadeInLeft&quot;}\" data-widget_type=\"image.default\">\n\t\t\t\t<div class=\"elementor-widget-container\">\n\t\t\t\t\t\t\t\t\t\t\t\t\t\t\t<img loading=\"lazy\" decoding=\"async\" width=\"800\" height=\"800\" src=\"https:\/\/matthewndt.com.mx\/wp-content\/uploads\/2023\/10\/BloqueCalibracion59209.jpg\" class=\"elementor-animation-grow attachment-large size-large wp-image-232\" alt=\"\" srcset=\"https:\/\/matthewndt.com.mx\/wp-content\/uploads\/2023\/10\/BloqueCalibracion59209.jpg 1024w, https:\/\/matthewndt.com.mx\/wp-content\/uploads\/2023\/10\/BloqueCalibracion59209-300x300.jpg 300w, https:\/\/matthewndt.com.mx\/wp-content\/uploads\/2023\/10\/BloqueCalibracion59209-150x150.jpg 150w, https:\/\/matthewndt.com.mx\/wp-content\/uploads\/2023\/10\/BloqueCalibracion59209-768x768.jpg 768w\" sizes=\"(max-width: 800px) 100vw, 800px\" \/>\t\t\t\t\t\t\t\t\t\t\t\t\t\t\t<\/div>\n\t\t\t\t<\/div>\n\t\t\t\t<div class=\"elementor-element elementor-element-0a987bc elementor-invisible elementor-widget elementor-widget-text-editor\" data-id=\"0a987bc\" data-element_type=\"widget\" data-settings=\"{&quot;_animation&quot;:&quot;fadeInLeft&quot;}\" data-widget_type=\"text-editor.default\">\n\t\t\t\t<div class=\"elementor-widget-container\">\n\t\t\t\t\t\t\t\t\t<p>5 pasos<\/p>\t\t\t\t\t\t\t\t<\/div>\n\t\t\t\t<\/div>\n\t\t\t\t<\/div>\n\t\t<div class=\"elementor-element elementor-element-b27f3a6 e-con-full e-flex e-con e-child\" data-id=\"b27f3a6\" data-element_type=\"container\">\n\t\t\t\t<div class=\"elementor-element elementor-element-9f7b776 elementor-invisible elementor-widget elementor-widget-image\" data-id=\"9f7b776\" data-element_type=\"widget\" data-settings=\"{&quot;_animation&quot;:&quot;fadeInLeft&quot;}\" data-widget_type=\"image.default\">\n\t\t\t\t<div class=\"elementor-widget-container\">\n\t\t\t\t\t\t\t\t\t\t\t\t\t\t\t<img loading=\"lazy\" decoding=\"async\" width=\"800\" height=\"800\" src=\"https:\/\/matthewndt.com.mx\/wp-content\/uploads\/2023\/10\/fluxo-307-copia-7.jpg\" class=\"elementor-animation-grow attachment-large size-large wp-image-233\" alt=\"\" srcset=\"https:\/\/matthewndt.com.mx\/wp-content\/uploads\/2023\/10\/fluxo-307-copia-7.jpg 1024w, https:\/\/matthewndt.com.mx\/wp-content\/uploads\/2023\/10\/fluxo-307-copia-7-300x300.jpg 300w, https:\/\/matthewndt.com.mx\/wp-content\/uploads\/2023\/10\/fluxo-307-copia-7-150x150.jpg 150w, https:\/\/matthewndt.com.mx\/wp-content\/uploads\/2023\/10\/fluxo-307-copia-7-768x768.jpg 768w\" sizes=\"(max-width: 800px) 100vw, 800px\" \/>\t\t\t\t\t\t\t\t\t\t\t\t\t\t\t<\/div>\n\t\t\t\t<\/div>\n\t\t\t\t<div class=\"elementor-element elementor-element-17b2cae elementor-invisible elementor-widget elementor-widget-text-editor\" data-id=\"17b2cae\" data-element_type=\"widget\" data-settings=\"{&quot;_animation&quot;:&quot;fadeInLeft&quot;}\" data-widget_type=\"text-editor.default\">\n\t\t\t\t<div class=\"elementor-widget-container\">\n\t\t\t\t\t\t\t\t\t<p>4 pasos<\/p>\t\t\t\t\t\t\t\t<\/div>\n\t\t\t\t<\/div>\n\t\t\t\t<\/div>\n\t\t\t\t\t<\/div>\n\t\t\t\t<\/div>\n\t\t\t\t\t<\/div>\n\t\t\t\t<\/div>\n\t\t\t\t<\/div>\n\t\t","protected":false},"excerpt":{"rendered":"<p>Bloques de Calibraci\u00f3n Estos bloques son usados para revisar la precisi\u00f3n de medida y calibraci\u00f3n del espesor de los dispositivos estas se encuentran disponibles en diferentes versiones m\u00e9tricas. IIW TIPO 1 Asme \u00be V2 IIW TIPO 2 DSC RESOLUCI\u00d3N RC\/AWS PACS DS Bloques escalonados Estos bloques pueden ser en mil\u00edmetros o pulgadas y pueden ser [&hellip;]<\/p>\n","protected":false},"author":1,"featured_media":0,"parent":26,"menu_order":0,"comment_status":"closed","ping_status":"closed","template":"","meta":{"footnotes":""},"class_list":["post-34","page","type-page","status-publish","hentry"],"_links":{"self":[{"href":"https:\/\/matthewndt.com.mx\/index.php\/wp-json\/wp\/v2\/pages\/34","targetHints":{"allow":["GET"]}}],"collection":[{"href":"https:\/\/matthewndt.com.mx\/index.php\/wp-json\/wp\/v2\/pages"}],"about":[{"href":"https:\/\/matthewndt.com.mx\/index.php\/wp-json\/wp\/v2\/types\/page"}],"author":[{"embeddable":true,"href":"https:\/\/matthewndt.com.mx\/index.php\/wp-json\/wp\/v2\/users\/1"}],"replies":[{"embeddable":true,"href":"https:\/\/matthewndt.com.mx\/index.php\/wp-json\/wp\/v2\/comments?post=34"}],"version-history":[{"count":16,"href":"https:\/\/matthewndt.com.mx\/index.php\/wp-json\/wp\/v2\/pages\/34\/revisions"}],"predecessor-version":[{"id":439,"href":"https:\/\/matthewndt.com.mx\/index.php\/wp-json\/wp\/v2\/pages\/34\/revisions\/439"}],"up":[{"embeddable":true,"href":"https:\/\/matthewndt.com.mx\/index.php\/wp-json\/wp\/v2\/pages\/26"}],"wp:attachment":[{"href":"https:\/\/matthewndt.com.mx\/index.php\/wp-json\/wp\/v2\/media?parent=34"}],"curies":[{"name":"wp","href":"https:\/\/api.w.org\/{rel}","templated":true}]}}